{"id":317,"date":"2019-08-02T12:58:16","date_gmt":"2019-08-02T10:58:16","guid":{"rendered":"http:\/\/aproca.org\/?page_id=317"},"modified":"2020-01-08T17:37:36","modified_gmt":"2020-01-08T17:37:36","slug":"better-cotton-initiative","status":"publish","type":"page","link":"https:\/\/aproca.org\/index.php\/better-cotton-initiative\/","title":{"rendered":"Better Cotton Initiative"},"content":{"rendered":"\n<ul class=\"wp-block-list\"><li><strong>Le Projet Better Cotton Initiative (BCI)\nau Mali et au S\u00e9n\u00e9gal <\/strong>( sur financement&nbsp;: Solidaridad,\nBCI.). <\/li><\/ul>\n\n\n\n<h3 class=\"wp-block-heading\"><strong>R\u00e9sultats cl\u00e9s de 2010 \u00e0 nos jours&nbsp;<\/strong><\/h3>\n\n\n\n<p> Formation de plus de 60 000 producteurs sur les principes et crit\u00e8res de production du&nbsp; Better Cotton. Production de plus <strong>200&nbsp;000 tonnes de coton graine BCI<\/strong>. Formation de plus 3500 femmes productrices de coton sur les techniques d\u2019am\u00e9lioration de la qualit\u00e9 du coton et formation de plus 200&nbsp; femmes productrices de coton en&nbsp; leadership f\u00e9minin au Mali et au S\u00e9n\u00e9gal.<\/p>\n","protected":false},"excerpt":{"rendered":"<p>Le Projet Better Cotton Initiative (BCI) au Mali et au S\u00e9n\u00e9gal ( sur financement&nbsp;: Solidaridad, BCI.). R\u00e9sultats cl\u00e9s de 2010 \u00e0 nos jours&nbsp; Formation de plus de 60 000 producteurs sur les principes et crit\u00e8res de production du&nbsp; Better Cotton. Production de plus 200&nbsp;000 tonnes de coton graine BCI. Formation de plus 3500 femmes productrices [&hellip;]<\/p>\n","protected":false},"author":1,"featured_media":749,"parent":0,"menu_order":0,"comment_status":"closed","ping_status":"closed","template":"","meta":{"footnotes":""},"class_list":["post-317","page","type-page","status-publish","has-post-thumbnail","hentry"],"_links":{"self":[{"href":"https:\/\/aproca.org\/index.php\/wp-json\/wp\/v2\/pages\/317","targetHints":{"allow":["GET"]}}],"collection":[{"href":"https:\/\/aproca.org\/index.php\/wp-json\/wp\/v2\/pages"}],"about":[{"href":"https:\/\/aproca.org\/index.php\/wp-json\/wp\/v2\/types\/page"}],"author":[{"embeddable":true,"href":"https:\/\/aproca.org\/index.php\/wp-json\/wp\/v2\/users\/1"}],"replies":[{"embeddable":true,"href":"https:\/\/aproca.org\/index.php\/wp-json\/wp\/v2\/comments?post=317"}],"version-history":[{"count":6,"href":"https:\/\/aproca.org\/index.php\/wp-json\/wp\/v2\/pages\/317\/revisions"}],"predecessor-version":[{"id":751,"href":"https:\/\/aproca.org\/index.php\/wp-json\/wp\/v2\/pages\/317\/revisions\/751"}],"wp:featuredmedia":[{"embeddable":true,"href":"https:\/\/aproca.org\/index.php\/wp-json\/wp\/v2\/media\/749"}],"wp:attachment":[{"href":"https:\/\/aproca.org\/index.php\/wp-json\/wp\/v2\/media?parent=317"}],"curies":[{"name":"wp","href":"https:\/\/api.w.org\/{rel}","templated":true}]}}